{"id":15345,"date":"2024-03-19T09:34:10","date_gmt":"2024-03-19T09:34:10","guid":{"rendered":"https:\/\/www.trypmontijo.com\/politica-ambiental\/"},"modified":"2025-01-08T14:57:03","modified_gmt":"2025-01-08T14:57:03","slug":"politique-environnementale","status":"publish","type":"page","link":"https:\/\/www.trypmontijo.com\/fr\/politique-environnementale\/","title":{"rendered":"Politique Environnementale"},"content":{"rendered":"\t\t<div data-elementor-type=\"wp-page\" data-elementor-id=\"15345\" class=\"elementor elementor-15345 elementor-13895\" data-elementor-post-type=\"page\">\n\t\t\t\t<section class=\"elementor-element elementor-element-9d18320 e-con-full e-flex e-con e-parent\" data-id=\"9d18320\" data-element_type=\"container\" data-settings=\"{&quot;background_background&quot;:&quot;classic&quot;}\">\n\t\t<div class=\"elementor-element elementor-element-edc3c07 e-con-full e-flex e-con e-child\" data-id=\"edc3c07\" data-element_type=\"container\">\n\t\t\t\t<div class=\"elementor-element elementor-element-0517a6e elementor-widget elementor-widget-heading\" data-id=\"0517a6e\" data-element_type=\"widget\" data-widget_type=\"heading.default\">\n\t\t\t\t<div class=\"elementor-widget-container\">\n\t\t\t\t\t<h1 class=\"elementor-heading-title elementor-size-default\">POLITIQUE<\/h1>\t\t\t\t<\/div>\n\t\t\t\t<\/div>\n\t\t\t\t<div class=\"elementor-element elementor-element-14f695f elementor-widget elementor-widget-heading\" data-id=\"14f695f\" data-element_type=\"widget\" data-widget_type=\"heading.default\">\n\t\t\t\t<div class=\"elementor-widget-container\">\n\t\t\t\t\t<h2 class=\"elementor-heading-title elementor-size-default\">ENVIRONNEMENTALE<\/h2>\t\t\t\t<\/div>\n\t\t\t\t<\/div>\n\t\t\t\t<\/div>\n\t\t\t\t<\/section>\n\t\t<section class=\"elementor-element elementor-element-8e7a29a e-con-full e-flex e-con e-parent\" data-id=\"8e7a29a\" data-element_type=\"container\">\n\t\t\t\t<div class=\"elementor-element elementor-element-5428f0b elementor-widget elementor-widget-text-editor\" data-id=\"5428f0b\" data-element_type=\"widget\" data-widget_type=\"text-editor.default\">\n\t\t\t\t<div class=\"elementor-widget-container\">\n\t\t\t\t\t\t\t\t\t<p>L&#8217;h\u00f4tel <strong>Tryp Montijo<\/strong> est conscient de l&#8217;importance d&#8217;une gestion responsable et durable dans le d\u00e9veloppement de l&#8217;activit\u00e9 h\u00f4teli\u00e8re. Dans le cadre de ces lignes directrices, nous nous engageons \u00e0 d\u00e9velopper et \u00e0 adopter de bonnes pratiques visant \u00e0 minimiser l&#8217;impact environnemental de nos services, \u00e0 pr\u00e9server les ressources naturelles, l&#8217;efficacit\u00e9 \u00e9nerg\u00e9tique et \u00e0 construire un avenir durable dans le secteur du tourisme. \u00c0 cette fin, <strong>Tryp Montijo<\/strong> \u00e9tablit cette politique dans les termes suivants :<\/p>\t\t\t\t\t\t\t\t<\/div>\n\t\t\t\t<\/div>\n\t\t\t\t<\/section>\n\t\t<section class=\"elementor-element elementor-element-15b5556 e-con-full e-flex e-con e-parent\" data-id=\"15b5556\" data-element_type=\"container\">\n\t\t<div class=\"elementor-element elementor-element-a9ab28a e-con-full e-flex e-con e-child\" data-id=\"a9ab28a\" data-element_type=\"container\" data-settings=\"{&quot;background_background&quot;:&quot;classic&quot;}\">\n\t\t\t\t<div class=\"elementor-element elementor-element-178d375 elementor-widget elementor-widget-spacer\" data-id=\"178d375\" data-element_type=\"widget\" data-widget_type=\"spacer.default\">\n\t\t\t\t<div class=\"elementor-widget-container\">\n\t\t\t\t\t\t\t<div class=\"elementor-spacer\">\n\t\t\t<div class=\"elementor-spacer-inner\"><\/div>\n\t\t<\/div>\n\t\t\t\t\t\t<\/div>\n\t\t\t\t<\/div>\n\t\t\t\t<\/div>\n\t\t<div class=\"elementor-element elementor-element-afaa302 e-con-full e-flex e-con e-child\" data-id=\"afaa302\" data-element_type=\"container\">\n\t\t<div class=\"elementor-element elementor-element-a8c3aa2 e-con-full e-flex e-con e-child\" data-id=\"a8c3aa2\" data-element_type=\"container\">\n\t\t\t\t<div class=\"elementor-element elementor-element-3b19ca7 elementor-widget elementor-widget-text-editor\" data-id=\"3b19ca7\" data-element_type=\"widget\" data-widget_type=\"text-editor.default\">\n\t\t\t\t<div class=\"elementor-widget-container\">\n\t\t\t\t\t\t\t\t\t<p>Se conformer aux exigences l\u00e9gales et environnementales applicables \u00e0 son activit\u00e9, en \u00e9valuant r\u00e9guli\u00e8rement ses impacts<\/p><p>Promouvoir la sensibilisation et la formation \u00e0 l&#8217;environnement aupr\u00e8s des employ\u00e9s afin de les impliquer et de les former aux bonnes pratiques environnementales<\/p><p>Coop\u00e9rer et promouvoir la communication avec les organismes gouvernementaux et externes et les associations<\/p>\t\t\t\t\t\t\t\t<\/div>\n\t\t\t\t<\/div>\n\t\t\t\t<\/div>\n\t\t\t\t<\/div>\n\t\t\t\t<\/section>\n\t\t<section class=\"elementor-element elementor-element-8c63c08 e-con-full e-flex e-con e-parent\" data-id=\"8c63c08\" data-element_type=\"container\">\n\t\t<div class=\"elementor-element elementor-element-f67e171 e-con-full e-flex e-con e-child\" data-id=\"f67e171\" data-element_type=\"container\">\n\t\t<div class=\"elementor-element elementor-element-0ea8c4e e-con-full e-flex e-con e-child\" data-id=\"0ea8c4e\" data-element_type=\"container\">\n\t\t\t\t<div class=\"elementor-element elementor-element-4eb1496 elementor-widget__width-initial elementor-widget elementor-widget-text-editor\" data-id=\"4eb1496\" data-element_type=\"widget\" data-widget_type=\"text-editor.default\">\n\t\t\t\t<div class=\"elementor-widget-container\">\n\t\t\t\t\t\t\t\t\t<p>Encourager l&#8217;implication des fournisseurs dans les questions de bonnes pratiques environnementales en vue d&#8217;am\u00e9liorer les performances dans ce domaine et celles de l&#8217;ensemble de l&#8217;op\u00e9ration concern\u00e9e<\/p><p>R\u00e9duire et contr\u00f4ler la consommation d&#8217;\u00e9nergie et de mati\u00e8res premi\u00e8res<\/p><p>Adopter une attitude d&#8217;am\u00e9lioration continue en mati\u00e8re de pr\u00e9vention de la pollution<\/p><p>Consolider la conqu\u00eate de clients d\u00e9sireux de profiter des services offerts par l&#8217;entreprise, avec un niveau de qualit\u00e9 \u00e9lev\u00e9<\/p>\t\t\t\t\t\t\t\t<\/div>\n\t\t\t\t<\/div>\n\t\t\t\t<\/div>\n\t\t\t\t<\/div>\n\t\t<div class=\"elementor-element elementor-element-1e676ab e-con-full e-flex e-con e-child\" data-id=\"1e676ab\" data-element_type=\"container\" data-settings=\"{&quot;background_background&quot;:&quot;classic&quot;}\">\n\t\t\t\t<div class=\"elementor-element elementor-element-5dcce81 elementor-widget elementor-widget-spacer\" data-id=\"5dcce81\" data-element_type=\"widget\" data-widget_type=\"spacer.default\">\n\t\t\t\t<div class=\"elementor-widget-container\">\n\t\t\t\t\t\t\t<div class=\"elementor-spacer\">\n\t\t\t<div class=\"elementor-spacer-inner\"><\/div>\n\t\t<\/div>\n\t\t\t\t\t\t<\/div>\n\t\t\t\t<\/div>\n\t\t\t\t<\/div>\n\t\t\t\t<\/section>\n\t\t<section class=\"elementor-element elementor-element-17866df e-con-full e-flex e-con e-parent\" data-id=\"17866df\" data-element_type=\"container\">\n\t\t\t\t<div class=\"elementor-element elementor-element-e2d027e elementor-widget elementor-widget-text-editor\" data-id=\"e2d027e\" data-element_type=\"widget\" data-widget_type=\"text-editor.default\">\n\t\t\t\t<div class=\"elementor-widget-container\">\n\t\t\t\t\t\t\t\t\tEn tenant compte de ces principes, ainsi qu&#8217;en fournissant les ressources n\u00e9cessaires et appropri\u00e9es, y compris un engagement envers des ressources humaines sp\u00e9cialis\u00e9es, avec une formation r\u00e9guli\u00e8re et un \u00e9quipement technologiquement avanc\u00e9, le Tryp Montijo Parque cherche toujours \u00e0 satisfaire pleinement les besoins et les attentes de ses clients.\t\t\t\t\t\t\t\t<\/div>\n\t\t\t\t<\/div>\n\t\t\t\t<\/section>\n\t\t\t\t<\/div>\n\t\t","protected":false},"excerpt":{"rendered":"<p>POLITIQUE ENVIRONNEMENTALE L&#8217;h\u00f4tel Tryp Montijo est conscient de l&#8217;importance d&#8217;une gestion responsable et durable dans le d\u00e9veloppement de l&#8217;activit\u00e9 h\u00f4teli\u00e8re. Dans le cadre de ces lignes directrices, nous nous engageons \u00e0 d\u00e9velopper et \u00e0 adopter de bonnes pratiques visant \u00e0 minimiser l&#8217;impact environnemental de nos services, \u00e0 pr\u00e9server les ressources naturelles, l&#8217;efficacit\u00e9 \u00e9nerg\u00e9tique et \u00e0 [&hellip;]<\/p>\n","protected":false},"author":1,"featured_media":0,"parent":0,"menu_order":0,"comment_status":"closed","ping_status":"closed","template":"","meta":{"_acf_changed":false,"footnotes":""},"class_list":["post-15345","page","type-page","status-publish","hentry"],"acf":[],"yoast_head":"<!-- This site is optimized with the Yoast SEO plugin v24.5 - https:\/\/yoast.com\/wordpress\/plugins\/seo\/ -->\n<title>Politique Environnementale - TRYP Montijo<\/title>\n<meta name=\"description\" content=\"H\u00f4tel Tryp Montijo Parque: 4 \u00e9toiles, 84 chambres confortables, restaurant, bar, parking, et 4 salles de r\u00e9union pour 250 personnes au c\u0153ur de Montijo.\" \/>\n<meta name=\"robots\" content=\"index, follow, max-snippet:-1, max-image-preview:large, max-video-preview:-1\" \/>\n<link rel=\"canonical\" href=\"https:\/\/www.trypmontijo.com\/fr\/politique-environnementale\/\" \/>\n<meta property=\"og:locale\" content=\"fr_FR\" \/>\n<meta property=\"og:type\" content=\"article\" \/>\n<meta property=\"og:title\" content=\"Politique Environnementale - TRYP Montijo\" \/>\n<meta property=\"og:description\" content=\"H\u00f4tel Tryp Montijo Parque: 4 \u00e9toiles, 84 chambres confortables, restaurant, bar, parking, et 4 salles de r\u00e9union pour 250 personnes au c\u0153ur de Montijo.\" \/>\n<meta property=\"og:url\" content=\"https:\/\/www.trypmontijo.com\/fr\/politique-environnementale\/\" \/>\n<meta property=\"og:site_name\" content=\"TRYP Montijo\" \/>\n<meta property=\"article:publisher\" content=\"https:\/\/www.facebook.com\/TRYPMontijoParque\/\" \/>\n<meta property=\"article:modified_time\" content=\"2025-01-08T14:57:03+00:00\" \/>\n<meta property=\"og:image\" content=\"https:\/\/www.trypmontijo.com\/wp-content\/uploads\/sites\/2\/2024\/03\/TRYP_Montijo_Parque_Open-Graph.jpg\" \/>\n\t<meta property=\"og:image:width\" content=\"1200\" \/>\n\t<meta property=\"og:image:height\" content=\"630\" \/>\n\t<meta property=\"og:image:type\" content=\"image\/jpeg\" \/>\n<meta name=\"twitter:card\" content=\"summary_large_image\" \/>\n<meta name=\"twitter:label1\" content=\"Dur\u00e9e de lecture estim\u00e9e\" \/>\n\t<meta name=\"twitter:data1\" content=\"2 minutes\" \/>\n<script type=\"application\/ld+json\" class=\"yoast-schema-graph\">{\"@context\":\"https:\/\/schema.org\",\"@graph\":[{\"@type\":\"WebPage\",\"@id\":\"https:\/\/www.trypmontijo.com\/fr\/politique-environnementale\/\",\"url\":\"https:\/\/www.trypmontijo.com\/fr\/politique-environnementale\/\",\"name\":\"Politique Environnementale - TRYP Montijo\",\"isPartOf\":{\"@id\":\"https:\/\/www.trypmontijo.com\/fr\/#website\"},\"datePublished\":\"2024-03-19T09:34:10+00:00\",\"dateModified\":\"2025-01-08T14:57:03+00:00\",\"description\":\"H\u00f4tel Tryp Montijo Parque: 4 \u00e9toiles, 84 chambres confortables, restaurant, bar, parking, et 4 salles de r\u00e9union pour 250 personnes au c\u0153ur de Montijo.\",\"breadcrumb\":{\"@id\":\"https:\/\/www.trypmontijo.com\/fr\/politique-environnementale\/#breadcrumb\"},\"inLanguage\":\"fr-FR\",\"potentialAction\":[{\"@type\":\"ReadAction\",\"target\":[\"https:\/\/www.trypmontijo.com\/fr\/politique-environnementale\/\"]}]},{\"@type\":\"BreadcrumbList\",\"@id\":\"https:\/\/www.trypmontijo.com\/fr\/politique-environnementale\/#breadcrumb\",\"itemListElement\":[{\"@type\":\"ListItem\",\"position\":1,\"name\":\"In\u00edcio\",\"item\":\"https:\/\/www.trypmontijo.com\/fr\/\"},{\"@type\":\"ListItem\",\"position\":2,\"name\":\"Politique Environnementale\"}]},{\"@type\":\"WebSite\",\"@id\":\"https:\/\/www.trypmontijo.com\/fr\/#website\",\"url\":\"https:\/\/www.trypmontijo.com\/fr\/\",\"name\":\"TRYP Montijo\",\"description\":\"Hotel Tryp Montijo Parque 4 estrelas: 84 quartos confort\u00e1veis, restaurante, bar, estacionamento e 4 salas de reuni\u00e3o para 250 pessoas no centro do Montijo.\",\"publisher\":{\"@id\":\"https:\/\/www.trypmontijo.com\/fr\/#organization\"},\"alternateName\":\"TRYP Montijo Parque\",\"potentialAction\":[{\"@type\":\"SearchAction\",\"target\":{\"@type\":\"EntryPoint\",\"urlTemplate\":\"https:\/\/www.trypmontijo.com\/fr\/?s={search_term_string}\"},\"query-input\":{\"@type\":\"PropertyValueSpecification\",\"valueRequired\":true,\"valueName\":\"search_term_string\"}}],\"inLanguage\":\"fr-FR\"},{\"@type\":\"Organization\",\"@id\":\"https:\/\/www.trypmontijo.com\/fr\/#organization\",\"name\":\"TRYP Montijo\",\"alternateName\":\"TRYP Montijo\",\"url\":\"https:\/\/www.trypmontijo.com\/fr\/\",\"logo\":{\"@type\":\"ImageObject\",\"inLanguage\":\"fr-FR\",\"@id\":\"https:\/\/www.trypmontijo.com\/fr\/#\/schema\/logo\/image\/\",\"url\":\"https:\/\/www.trypmontijo.com\/wp-content\/uploads\/sites\/2\/2024\/03\/TrypMontijoParqueHotel_Logo-1.svg\",\"contentUrl\":\"https:\/\/www.trypmontijo.com\/wp-content\/uploads\/sites\/2\/2024\/03\/TrypMontijoParqueHotel_Logo-1.svg\",\"width\":192,\"height\":90,\"caption\":\"TRYP Montijo\"},\"image\":{\"@id\":\"https:\/\/www.trypmontijo.com\/fr\/#\/schema\/logo\/image\/\"},\"sameAs\":[\"https:\/\/www.facebook.com\/TRYPMontijoParque\/\",\"https:\/\/www.linkedin.com\/company\/hoti-hoteis\/\",\"https:\/\/www.tripadvisor.pt\/UserReviewEdit-g658385-d260184-TRYP_by_Wyndham_Montijo_Parque_Hotel-Montijo_Setubal_District_Alentejo.html\",\"https:\/\/www.instagram.com\/trypmontijo\/\",\"https:\/\/www.youtube.com\/channel\/UCP0ugsnZVvziVrrstHe2gqg\"]}]}<\/script>\n<!-- \/ Yoast SEO plugin. -->","yoast_head_json":{"title":"Politique Environnementale - TRYP Montijo","description":"H\u00f4tel Tryp Montijo Parque: 4 \u00e9toiles, 84 chambres confortables, restaurant, bar, parking, et 4 salles de r\u00e9union pour 250 personnes au c\u0153ur de Montijo.","robots":{"index":"index","follow":"follow","max-snippet":"max-snippet:-1","max-image-preview":"max-image-preview:large","max-video-preview":"max-video-preview:-1"},"canonical":"https:\/\/www.trypmontijo.com\/fr\/politique-environnementale\/","og_locale":"fr_FR","og_type":"article","og_title":"Politique Environnementale - TRYP Montijo","og_description":"H\u00f4tel Tryp Montijo Parque: 4 \u00e9toiles, 84 chambres confortables, restaurant, bar, parking, et 4 salles de r\u00e9union pour 250 personnes au c\u0153ur de Montijo.","og_url":"https:\/\/www.trypmontijo.com\/fr\/politique-environnementale\/","og_site_name":"TRYP Montijo","article_publisher":"https:\/\/www.facebook.com\/TRYPMontijoParque\/","article_modified_time":"2025-01-08T14:57:03+00:00","og_image":[{"width":1200,"height":630,"url":"https:\/\/www.trypmontijo.com\/wp-content\/uploads\/sites\/2\/2024\/03\/TRYP_Montijo_Parque_Open-Graph.jpg","type":"image\/jpeg"}],"twitter_card":"summary_large_image","twitter_misc":{"Dur\u00e9e de lecture estim\u00e9e":"2 minutes"},"schema":{"@context":"https:\/\/schema.org","@graph":[{"@type":"WebPage","@id":"https:\/\/www.trypmontijo.com\/fr\/politique-environnementale\/","url":"https:\/\/www.trypmontijo.com\/fr\/politique-environnementale\/","name":"Politique Environnementale - TRYP Montijo","isPartOf":{"@id":"https:\/\/www.trypmontijo.com\/fr\/#website"},"datePublished":"2024-03-19T09:34:10+00:00","dateModified":"2025-01-08T14:57:03+00:00","description":"H\u00f4tel Tryp Montijo Parque: 4 \u00e9toiles, 84 chambres confortables, restaurant, bar, parking, et 4 salles de r\u00e9union pour 250 personnes au c\u0153ur de Montijo.","breadcrumb":{"@id":"https:\/\/www.trypmontijo.com\/fr\/politique-environnementale\/#breadcrumb"},"inLanguage":"fr-FR","potentialAction":[{"@type":"ReadAction","target":["https:\/\/www.trypmontijo.com\/fr\/politique-environnementale\/"]}]},{"@type":"BreadcrumbList","@id":"https:\/\/www.trypmontijo.com\/fr\/politique-environnementale\/#breadcrumb","itemListElement":[{"@type":"ListItem","position":1,"name":"In\u00edcio","item":"https:\/\/www.trypmontijo.com\/fr\/"},{"@type":"ListItem","position":2,"name":"Politique Environnementale"}]},{"@type":"WebSite","@id":"https:\/\/www.trypmontijo.com\/fr\/#website","url":"https:\/\/www.trypmontijo.com\/fr\/","name":"TRYP Montijo","description":"Hotel Tryp Montijo Parque 4 estrelas: 84 quartos confort\u00e1veis, restaurante, bar, estacionamento e 4 salas de reuni\u00e3o para 250 pessoas no centro do Montijo.","publisher":{"@id":"https:\/\/www.trypmontijo.com\/fr\/#organization"},"alternateName":"TRYP Montijo Parque","potentialAction":[{"@type":"SearchAction","target":{"@type":"EntryPoint","urlTemplate":"https:\/\/www.trypmontijo.com\/fr\/?s={search_term_string}"},"query-input":{"@type":"PropertyValueSpecification","valueRequired":true,"valueName":"search_term_string"}}],"inLanguage":"fr-FR"},{"@type":"Organization","@id":"https:\/\/www.trypmontijo.com\/fr\/#organization","name":"TRYP Montijo","alternateName":"TRYP Montijo","url":"https:\/\/www.trypmontijo.com\/fr\/","logo":{"@type":"ImageObject","inLanguage":"fr-FR","@id":"https:\/\/www.trypmontijo.com\/fr\/#\/schema\/logo\/image\/","url":"https:\/\/www.trypmontijo.com\/wp-content\/uploads\/sites\/2\/2024\/03\/TrypMontijoParqueHotel_Logo-1.svg","contentUrl":"https:\/\/www.trypmontijo.com\/wp-content\/uploads\/sites\/2\/2024\/03\/TrypMontijoParqueHotel_Logo-1.svg","width":192,"height":90,"caption":"TRYP Montijo"},"image":{"@id":"https:\/\/www.trypmontijo.com\/fr\/#\/schema\/logo\/image\/"},"sameAs":["https:\/\/www.facebook.com\/TRYPMontijoParque\/","https:\/\/www.linkedin.com\/company\/hoti-hoteis\/","https:\/\/www.tripadvisor.pt\/UserReviewEdit-g658385-d260184-TRYP_by_Wyndham_Montijo_Parque_Hotel-Montijo_Setubal_District_Alentejo.html","https:\/\/www.instagram.com\/trypmontijo\/","https:\/\/www.youtube.com\/channel\/UCP0ugsnZVvziVrrstHe2gqg"]}]}},"_links":{"self":[{"href":"https:\/\/www.trypmontijo.com\/fr\/wp-json\/wp\/v2\/pages\/15345","targetHints":{"allow":["GET"]}}],"collection":[{"href":"https:\/\/www.trypmontijo.com\/fr\/wp-json\/wp\/v2\/pages"}],"about":[{"href":"https:\/\/www.trypmontijo.com\/fr\/wp-json\/wp\/v2\/types\/page"}],"author":[{"embeddable":true,"href":"https:\/\/www.trypmontijo.com\/fr\/wp-json\/wp\/v2\/users\/1"}],"replies":[{"embeddable":true,"href":"https:\/\/www.trypmontijo.com\/fr\/wp-json\/wp\/v2\/comments?post=15345"}],"version-history":[{"count":10,"href":"https:\/\/www.trypmontijo.com\/fr\/wp-json\/wp\/v2\/pages\/15345\/revisions"}],"predecessor-version":[{"id":18084,"href":"https:\/\/www.trypmontijo.com\/fr\/wp-json\/wp\/v2\/pages\/15345\/revisions\/18084"}],"wp:attachment":[{"href":"https:\/\/www.trypmontijo.com\/fr\/wp-json\/wp\/v2\/media?parent=15345"}],"curies":[{"name":"wp","href":"https:\/\/api.w.org\/{rel}","templated":true}]}}